{"id":8,"date":"2020-11-17T16:17:39","date_gmt":"2020-11-17T14:17:39","guid":{"rendered":"https:\/\/comkari.com\/verkkosivu\/home\/"},"modified":"2022-05-23T14:39:38","modified_gmt":"2022-05-23T11:39:38","slug":"home","status":"publish","type":"page","link":"https:\/\/comkari.com\/verkkosivu\/","title":{"rendered":"Home"},"content":{"rendered":"\n\n\n\n<h6>videotuotantoA<\/h6>\n\n<p style=\"font-family:roboto;font-size:14px;font-weight:600;line-height:1.5;text-align:center;color:#5d5d5d\">Comkari on vuonna 2018 perustettu videotuotantoyritys, joka toteuttaa villimm\u00e4tkin videotuotantotarpeenne.<\/p><p style=\"font-family:roboto;font-size:14px;font-weight:600;line-height:1.5;text-align:center;color:#5d5d5d\"><br><\/p><p style=\"font-family:roboto;font-size:14px;font-weight:600;line-height:1.5;text-align:center;color:#5d5d5d\">Otahan yhteytt\u00e4 petteri.kari@comkari.com<\/p><p style=\"font-family:roboto;font-size:14px;font-weight:600;line-height:1.5;text-align:center;color:#5d5d5d\">045 218 6422<\/p>\n\n\n\n<p>Toteutamme laadukkaita henkil\u00f6haastatteluja asiakkaiden esitys-, viestint\u00e4 ja markkinointikavaniin. Haastattelut voidaan kuvata studiollamme tai asiakkaan toivomassa lokaatiossa. Haastatteluihin voidaan editoida tarvittaessa my\u00f6s asiakkaan omaa esitysaineistoa.<\/p>\n\n\n\n<p>Comkarilla on vuosien kokemus erityyppisten asiakasvideoiden toteutuksesta. Videolla voidaan esitell\u00e4 esimerkiksi onnistunutta asiakassuhdetta, hyv\u00e4\u00e4 tiimihenke\u00e4 ty\u00f6yhteis\u00f6ss\u00e4 tai lanseerata uusi kampanja.<\/p>\n\n\n\n\nComkari toimii yhteisty\u00f6t\u00e4 Sulkastudion kanssa, joka sijaitsee Helsingin Pit\u00e4j\u00e4nm\u00e4ess\u00e4 osoitteessa Valimotie 2. Lue lis\u00e4\u00e4:\n\n\n<p style=\"font-family: roboto; font-size: 14px; line-height: 1.5; text-align: center; color: rgb(93, 93, 93);\">Comkari tuottaa my\u00f6s livestriimej\u00e4 sek\u00e4 kuvauspalveluita isompiin produktioihin. Asiakkaalle voidaan rakentaa esimerkiksi toimistotiloihin visuaalisesti n\u00e4ytt\u00e4v\u00e4, kahden kameran livestudio. Yhteisty\u00f6kumppaniverkoston kautta l\u00f6ytyy my\u00f6s mahdollisuuksia isompiin tuotantoihin.<span style=\"font-weight: 600;\">&nbsp;<\/span><\/p>\n\n\n\n\n\n\n\n\n<p>Palveluista<\/p>\n\n\n<p style=\"font-family:roboto;font-size:14px;font-weight:600;line-height:1.5;text-align:center;color:#5d5d5d\">Comkari on vuonna 2018 perustettu videotuotantoyritys, joka tekee laadukasta videotuotantoa ymp\u00e4ri Suomen. Comkarilla on kokemusta satojen projektien l\u00e4piviennist\u00e4 pienemmist\u00e4 projekteista aina kansainv\u00e4listen suuryritysten kampanjavideoihin. Comkarilla on liikkuvan kaluston lis\u00e4ksi studio yhteisk\u00e4yt\u00f6ss\u00e4 Sulkastudion kanssa Helsingin Pit\u00e4nj\u00e4nm\u00e4ess\u00e4, joka soveltuu erinomaisesti haastattelu- valokuvaus ja greenscreen-tuotantoihin.<\/p>\n<p style=\"font-family:roboto;font-size:14px;font-weight:600;line-height:1.5;text-align:center;color:#5d5d5d\">Vaikka tarina on kaikki kaikessa, taivoitteena on aina tehd\u00e4 my\u00f6s visuaalisesti n\u00e4ytt\u00e4v\u00e4 videoproduktio, jota kelpaa n\u00e4ytt\u00e4\u00e4 yleis\u00f6lle pidemm\u00e4nkin aikaa. Siksi yritys on panostanut osaamisen lis\u00e4ksi valaisu- ja kuvauskaluston laadukkuuteen.&nbsp;<\/p>\n\n\n\n\n\n\n\n","protected":false},"excerpt":{"rendered":"","protected":false},"author":1,"featured_media":0,"parent":0,"menu_order":0,"comment_status":"closed","ping_status":"closed","template":"","meta":{"footnotes":""},"class_list":["post-8","page","type-page","status-publish","hentry"],"_links":{"self":[{"href":"https:\/\/comkari.com\/verkkosivu\/wp-json\/wp\/v2\/pages\/8","targetHints":{"allow":["GET"]}}],"collection":[{"href":"https:\/\/comkari.com\/verkkosivu\/wp-json\/wp\/v2\/pages"}],"about":[{"href":"https:\/\/comkari.com\/verkkosivu\/wp-json\/wp\/v2\/types\/page"}],"author":[{"embeddable":true,"href":"https:\/\/comkari.com\/verkkosivu\/wp-json\/wp\/v2\/users\/1"}],"replies":[{"embeddable":true,"href":"https:\/\/comkari.com\/verkkosivu\/wp-json\/wp\/v2\/comments?post=8"}],"version-history":[{"count":52,"href":"https:\/\/comkari.com\/verkkosivu\/wp-json\/wp\/v2\/pages\/8\/revisions"}],"predecessor-version":[{"id":133,"href":"https:\/\/comkari.com\/verkkosivu\/wp-json\/wp\/v2\/pages\/8\/revisions\/133"}],"wp:attachment":[{"href":"https:\/\/comkari.com\/verkkosivu\/wp-json\/wp\/v2\/media?parent=8"}],"curies":[{"name":"wp","href":"https:\/\/api.w.org\/{rel}","templated":true}]}}